{"id":55,"date":"2020-07-05T20:49:54","date_gmt":"2020-07-05T20:49:54","guid":{"rendered":"https:\/\/www.alpensozis.ch\/?page_id=55"},"modified":"2025-06-24T10:44:44","modified_gmt":"2025-06-24T10:44:44","slug":"hier-entsteht-der-internetauftritt-der-sp-in-den-berggebieten","status":"publish","type":"page","link":"https:\/\/www.alpensozis.ch\/fr\/","title":{"rendered":"D\u00e9veloppement durable dans les r\u00e9gions de montagne"},"content":{"rendered":"\n<p>Le groupe socialiste des r\u00e9gions de montagne a \u00e9t\u00e9 nouvellement initit\u00e9 en 2017 et regroupe les partis cantonaux de Berne, Glaris, Grisons, Schwyz, Tessin, Uri, Valais et Appenzell Rhodes-Int\u00e9rieures.<\/p>\n\n\n\n<p>Nous sommes convaincu-e-s que les r\u00e9gions de montagne sont confront\u00e9es \u00e0 des d\u00e9fis particuliers et nous voulons les relever ensemble. Parall\u00e8lement, nous savons que les grandes interrogations de notre \u00e9poque \u2013 in\u00e9galit\u00e9 sociale, ch\u00f4mage, changement climatique et destruction de l\u2019environnement, migrations \u2013 nous concernent toutes et tous. Les forces progressistes dans les campagnes, les villes et les agglom\u00e9rations doivent travailler ensemble pour trouver des solutions aux questions susmentionn\u00e9es.<\/p>\n\n\n\n<p>Le Groupe socialiste des r\u00e9gions de montagne demande une politique qui assure un service public appropri\u00e9, implique toutes les couches de la population, prenne soin de l\u2019environnement et promeuve le tourisme dans les r\u00e9gions de montagne de mani\u00e8re pertinente. Une politique progressiste est la clef du d\u00e9veloppement durable dans l\u2019espace alpin.<\/p>\n\n\n\n<div class=\"wp-block-buttons is-layout-flex wp-block-buttons-is-layout-flex\">\n<div class=\"wp-block-button\"><a class=\"wp-block-button__link wp-element-button\" href=\"https:\/\/www.alpensozis.ch\/wp-content\/uploads\/2025\/06\/Positionspapier_Alpensozis_Gesundheitsversorgung_DEF_F.pdf\" target=\"_blank\" rel=\"noreferrer noopener\">Papier de position: D\u00e9fis de la politique de sant\u00e9 2025<\/a><\/div>\n<\/div>\n\n\n\n<div style=\"height:20px\" aria-hidden=\"true\" class=\"wp-block-spacer\"><\/div>\n\n\n\n<div class=\"wp-block-buttons is-layout-flex wp-block-buttons-is-layout-flex\">\n<div class=\"wp-block-button\"><a class=\"wp-block-button__link wp-element-button\" href=\"https:\/\/www.alpensozis.ch\/wp-content\/uploads\/2024\/06\/Positionierung_Alpensozis_Energieversorgung_DEF_FR.pdf\" target=\"_blank\" rel=\"noreferrer noopener\">Papier de position sur la d\u00e9carbonisation de<br>notre approvisionnement \u00e9nerg\u00e9tique, 2024<\/a><\/div>\n<\/div>\n\n\n\n<div style=\"height:20px\" aria-hidden=\"true\" class=\"wp-block-spacer\"><\/div>\n\n\n\n<div class=\"wp-block-buttons is-layout-flex wp-block-buttons-is-layout-flex\">\n<div class=\"wp-block-button\"><a class=\"wp-block-button__link wp-element-button\" href=\"https:\/\/www.alpensozis.ch\/wp-content\/uploads\/2020\/08\/MM_Alpensozis_20200810_F.pdf\" target=\"_blank\" rel=\"noreferrer noopener\">Communiqu\u00e9 de presse 10 ao\u00fbt 2020<\/a><\/div>\n<\/div>\n\n\n\n<div style=\"height:20px\" aria-hidden=\"true\" class=\"wp-block-spacer\"><\/div>\n\n\n\n<div class=\"wp-block-buttons is-layout-flex wp-block-buttons-is-layout-flex\">\n<div class=\"wp-block-button\"><a class=\"wp-block-button__link wp-element-button\" href=\"https:\/\/www.alpensozis.ch\/wp-content\/uploads\/2020\/08\/SPS_Broschuere_Alpensozialisten_F.pdf\" target=\"_blank\" rel=\"noreferrer noopener\">Papier de position: D\u00e9veloppement durable dans les r\u00e9gions de montagne<\/a><\/div>\n<\/div>\n","protected":false},"excerpt":{"rendered":"<p>Le groupe socialiste des r\u00e9gions de montagne a \u00e9t\u00e9 nouvellement initit\u00e9 en 2017 et regroupe les partis cantonaux de Berne, Glaris, Grisons, Schwyz, Tessin, Uri, Valais et Appenzell Rhodes-Int\u00e9rieures. Nous sommes convaincu-e-s que les r\u00e9gions de montagne sont confront\u00e9es \u00e0 des d\u00e9fis particuliers et nous voulons les relever ensemble. Parall\u00e8lement, nous savons que les grandes interrogations de notre \u00e9poque \u2013 in\u00e9galit\u00e9 sociale, ch\u00f4mage, changement climatique et destruction de l\u2019environnement, migrations \u2013 nous concernent toutes et tous. Les forces progressistes dans les campagnes, les villes et les agglom\u00e9rations doivent travailler ensemble pour trouver des solutions aux questions susmentionn\u00e9es. Le Groupe socialiste des r\u00e9gions de montagne demande une politique qui assure un service public appropri\u00e9, implique toutes les couches de la population, prenne soin de l\u2019environnement et promeuve le tourisme dans les r\u00e9gions de montagne de mani\u00e8re pertinente. Une politique progressiste est la clef du d\u00e9veloppement durable dans l\u2019espace alpin.<\/p>\n","protected":false},"author":1,"featured_media":0,"parent":0,"menu_order":0,"comment_status":"closed","ping_status":"closed","template":"","meta":{"footnotes":""},"class_list":["post-55","page","type-page","status-publish","hentry"],"translation":{"provider":"WPGlobus","version":"3.0.2","language":"fr","enabled_languages":["de","fr","it","rm"],"languages":{"de":{"title":true,"content":true,"excerpt":false},"fr":{"title":true,"content":true,"excerpt":false},"it":{"title":true,"content":true,"excerpt":false},"rm":{"title":true,"content":true,"excerpt":false}}},"yoast_head":"<!-- This site is optimized with the Yoast SEO plugin v26.8 - https:\/\/yoast.com\/product\/yoast-seo-wordpress\/ -->\n<title>D\u00e9veloppement durable dans les r\u00e9gions de montagne - Alpensozis<\/title>\n<meta name=\"robots\" content=\"index, follow, max-snippet:-1, max-image-preview:large, max-video-preview:-1\" \/>\n<link rel=\"canonical\" href=\"https:\/\/www.alpensozis.ch\/\" \/>\n<meta property=\"og:locale\" content=\"fr_FR\" \/>\n<meta property=\"og:type\" content=\"article\" \/>\n<meta property=\"og:title\" content=\"D\u00e9veloppement durable dans les r\u00e9gions de montagne - Alpensozis\" \/>\n<meta property=\"og:url\" content=\"https:\/\/www.alpensozis.ch\/\" \/>\n<meta property=\"og:site_name\" content=\"Alpensozis\" \/>\n<meta property=\"article:modified_time\" content=\"2025-06-24T10:44:44+00:00\" \/>\n<meta name=\"twitter:card\" content=\"summary_large_image\" \/>\n<meta name=\"twitter:label1\" content=\"Est. reading time\" \/>\n\t<meta name=\"twitter:data1\" content=\"1 minute\" \/>\n<script type=\"application\/ld+json\" class=\"yoast-schema-graph\">{\"@context\":\"https:\/\/schema.org\",\"@graph\":[{\"@type\":\"WebPage\",\"@id\":\"https:\/\/www.alpensozis.ch\/\",\"url\":\"https:\/\/www.alpensozis.ch\/\",\"name\":\"D\u00e9veloppement durable dans les r\u00e9gions de montagne - Alpensozis\",\"isPartOf\":{\"@id\":\"https:\/\/www.alpensozis.ch\/#website\"},\"datePublished\":\"2020-07-05T20:49:54+00:00\",\"dateModified\":\"2025-06-24T10:44:44+00:00\",\"breadcrumb\":{\"@id\":\"https:\/\/www.alpensozis.ch\/#breadcrumb\"},\"inLanguage\":\"fr-FR\",\"potentialAction\":[{\"@type\":\"ReadAction\",\"target\":[\"https:\/\/www.alpensozis.ch\/\"]}]},{\"@type\":\"BreadcrumbList\",\"@id\":\"https:\/\/www.alpensozis.ch\/#breadcrumb\",\"itemListElement\":[{\"@type\":\"ListItem\",\"position\":1,\"name\":\"Home\",\"item\":\"https:\/\/www.alpensozis.ch\/\"},{\"@type\":\"ListItem\",\"position\":2,\"name\":\"Nachhaltige Entwicklung in den Berggebieten\"}]},{\"@type\":\"WebSite\",\"@id\":\"https:\/\/www.alpensozis.ch\/#website\",\"url\":\"https:\/\/www.alpensozis.ch\/\",\"name\":\"Alpensozis\",\"description\":\"SP-Gruppe Berggebiete - Groupe socialiste des r\u00e9gions de montagne - Gruppo socialista delle regioni di montagna\",\"publisher\":{\"@id\":\"https:\/\/www.alpensozis.ch\/#organization\"},\"potentialAction\":[{\"@type\":\"SearchAction\",\"target\":{\"@type\":\"EntryPoint\",\"urlTemplate\":\"https:\/\/www.alpensozis.ch\/?s={search_term_string}\"},\"query-input\":{\"@type\":\"PropertyValueSpecification\",\"valueRequired\":true,\"valueName\":\"search_term_string\"}}],\"inLanguage\":\"fr-FR\"},{\"@type\":\"Organization\",\"@id\":\"https:\/\/www.alpensozis.ch\/#organization\",\"name\":\"Alpensozis\",\"url\":\"https:\/\/www.alpensozis.ch\/\",\"logo\":{\"@type\":\"ImageObject\",\"inLanguage\":\"fr-FR\",\"@id\":\"https:\/\/www.alpensozis.ch\/#\/schema\/logo\/image\/\",\"url\":\"https:\/\/www.alpensozis.ch\/wp-content\/uploads\/2020\/08\/cropped-10_Logo_Alpensozis-1.png\",\"contentUrl\":\"https:\/\/www.alpensozis.ch\/wp-content\/uploads\/2020\/08\/cropped-10_Logo_Alpensozis-1.png\",\"width\":585,\"height\":168,\"caption\":\"Alpensozis\"},\"image\":{\"@id\":\"https:\/\/www.alpensozis.ch\/#\/schema\/logo\/image\/\"}}]}<\/script>\n<!-- \/ Yoast SEO plugin. -->","yoast_head_json":{"title":"D\u00e9veloppement durable dans les r\u00e9gions de montagne - Alpensozis","robots":{"index":"index","follow":"follow","max-snippet":"max-snippet:-1","max-image-preview":"max-image-preview:large","max-video-preview":"max-video-preview:-1"},"canonical":"https:\/\/www.alpensozis.ch\/","og_locale":"fr_FR","og_type":"article","og_title":"D\u00e9veloppement durable dans les r\u00e9gions de montagne - Alpensozis","og_url":"https:\/\/www.alpensozis.ch\/","og_site_name":"Alpensozis","article_modified_time":"2025-06-24T10:44:44+00:00","twitter_card":"summary_large_image","twitter_misc":{"Est. reading time":"1 minute"},"schema":{"@context":"https:\/\/schema.org","@graph":[{"@type":"WebPage","@id":"https:\/\/www.alpensozis.ch\/","url":"https:\/\/www.alpensozis.ch\/","name":"D\u00e9veloppement durable dans les r\u00e9gions de montagne - Alpensozis","isPartOf":{"@id":"https:\/\/www.alpensozis.ch\/#website"},"datePublished":"2020-07-05T20:49:54+00:00","dateModified":"2025-06-24T10:44:44+00:00","breadcrumb":{"@id":"https:\/\/www.alpensozis.ch\/#breadcrumb"},"inLanguage":"fr-FR","potentialAction":[{"@type":"ReadAction","target":["https:\/\/www.alpensozis.ch\/"]}]},{"@type":"BreadcrumbList","@id":"https:\/\/www.alpensozis.ch\/#breadcrumb","itemListElement":[{"@type":"ListItem","position":1,"name":"Home","item":"https:\/\/www.alpensozis.ch\/"},{"@type":"ListItem","position":2,"name":"Nachhaltige Entwicklung in den Berggebieten"}]},{"@type":"WebSite","@id":"https:\/\/www.alpensozis.ch\/#website","url":"https:\/\/www.alpensozis.ch\/","name":"Alpensozis","description":"SP-Gruppe Berggebiete - Groupe socialiste des r\u00e9gions de montagne - Gruppo socialista delle regioni di montagna","publisher":{"@id":"https:\/\/www.alpensozis.ch\/#organization"},"potentialAction":[{"@type":"SearchAction","target":{"@type":"EntryPoint","urlTemplate":"https:\/\/www.alpensozis.ch\/?s={search_term_string}"},"query-input":{"@type":"PropertyValueSpecification","valueRequired":true,"valueName":"search_term_string"}}],"inLanguage":"fr-FR"},{"@type":"Organization","@id":"https:\/\/www.alpensozis.ch\/#organization","name":"Alpensozis","url":"https:\/\/www.alpensozis.ch\/","logo":{"@type":"ImageObject","inLanguage":"fr-FR","@id":"https:\/\/www.alpensozis.ch\/#\/schema\/logo\/image\/","url":"https:\/\/www.alpensozis.ch\/wp-content\/uploads\/2020\/08\/cropped-10_Logo_Alpensozis-1.png","contentUrl":"https:\/\/www.alpensozis.ch\/wp-content\/uploads\/2020\/08\/cropped-10_Logo_Alpensozis-1.png","width":585,"height":168,"caption":"Alpensozis"},"image":{"@id":"https:\/\/www.alpensozis.ch\/#\/schema\/logo\/image\/"}}]}},"_links":{"self":[{"href":"https:\/\/www.alpensozis.ch\/fr\/wp-json\/wp\/v2\/pages\/55","targetHints":{"allow":["GET"]}}],"collection":[{"href":"https:\/\/www.alpensozis.ch\/fr\/wp-json\/wp\/v2\/pages"}],"about":[{"href":"https:\/\/www.alpensozis.ch\/fr\/wp-json\/wp\/v2\/types\/page"}],"author":[{"embeddable":true,"href":"https:\/\/www.alpensozis.ch\/fr\/wp-json\/wp\/v2\/users\/1"}],"replies":[{"embeddable":true,"href":"https:\/\/www.alpensozis.ch\/fr\/wp-json\/wp\/v2\/comments?post=55"}],"version-history":[{"count":54,"href":"https:\/\/www.alpensozis.ch\/fr\/wp-json\/wp\/v2\/pages\/55\/revisions"}],"predecessor-version":[{"id":234,"href":"https:\/\/www.alpensozis.ch\/fr\/wp-json\/wp\/v2\/pages\/55\/revisions\/234"}],"wp:attachment":[{"href":"https:\/\/www.alpensozis.ch\/fr\/wp-json\/wp\/v2\/media?parent=55"}],"curies":[{"name":"wp","href":"https:\/\/api.w.org\/{rel}","templated":true}]}}